{"id":4680,"date":"2023-10-06T00:02:09","date_gmt":"2023-10-05T22:02:09","guid":{"rendered":"https:\/\/www.ganzheitlich-leben.de\/?page_id=4680"},"modified":"2024-11-21T07:58:19","modified_gmt":"2024-11-21T06:58:19","slug":"schmerztherapie","status":"publish","type":"page","link":"https:\/\/www.ganzheitlich-leben.de\/en\/schmerztherapie\/","title":{"rendered":"Pain Therapy"},"content":{"rendered":"<div data-elementor-type=\"wp-page\" data-elementor-id=\"4680\" class=\"elementor elementor-4680\" data-elementor-post-type=\"page\">\n\t\t\t\t\t\t<section class=\"elementor-section elementor-top-section elementor-element elementor-element-71b1e89 elementor-section-boxed elementor-section-height-default elementor-section-height-default\" data-id=\"71b1e89\" data-element_type=\"section\" data-e-type=\"section\" data-settings=\"{&quot;background_background&quot;:&quot;classic&quot;}\">\n\t\t\t\t\t\t<div class=\"elementor-container elementor-column-gap-default\">\n\t\t\t\t\t<div class=\"elementor-column elementor-col-50 elementor-top-column elementor-element elementor-element-626d065 elementor-hidden-mobile\" data-id=\"626d065\" data-element_type=\"column\" data-e-type=\"column\">\n\t\t\t<div class=\"elementor-widget-wrap elementor-element-populated\">\n\t\t\t\t\t\t<div class=\"elementor-element elementor-element-00d60ec elementor-widget elementor-widget-spacer\" data-id=\"00d60ec\" data-element_type=\"widget\" data-e-type=\"widget\" data-widget_type=\"spacer.default\">\n\t\t\t\t<div class=\"elementor-widget-container\">\n\t\t\t\t\t\t\t<div class=\"elementor-spacer\">\n\t\t\t<div class=\"elementor-spacer-inner\"><\/div>\n\t\t<\/div>\n\t\t\t\t\t\t<\/div>\n\t\t\t\t<\/div>\n\t\t\t\t<div class=\"elementor-element elementor-element-593af34 elementor-widget elementor-widget-heading\" data-id=\"593af34\" data-element_type=\"widget\" data-e-type=\"widget\" data-widget_type=\"heading.default\">\n\t\t\t\t<div class=\"elementor-widget-container\">\n\t\t\t\t\t<h2 class=\"elementor-heading-title elementor-size-default\">Schmerzen - die Sprache deines K\u00f6rpers<\/h2>\t\t\t\t<\/div>\n\t\t\t\t<\/div>\n\t\t\t\t\t<\/div>\n\t\t<\/div>\n\t\t\t\t<div class=\"elementor-column elementor-col-50 elementor-top-column elementor-element elementor-element-6bf601a\" data-id=\"6bf601a\" data-element_type=\"column\" data-e-type=\"column\">\n\t\t\t<div class=\"elementor-widget-wrap elementor-element-populated\">\n\t\t\t\t\t\t<div class=\"elementor-element elementor-element-c624369 elementor-widget elementor-widget-spacer\" data-id=\"c624369\" data-element_type=\"widget\" data-e-type=\"widget\" data-widget_type=\"spacer.default\">\n\t\t\t\t<div class=\"elementor-widget-container\">\n\t\t\t\t\t\t\t<div class=\"elementor-spacer\">\n\t\t\t<div class=\"elementor-spacer-inner\"><\/div>\n\t\t<\/div>\n\t\t\t\t\t\t<\/div>\n\t\t\t\t<\/div>\n\t\t\t\t<div class=\"elementor-element elementor-element-838afdb elementor-widget elementor-widget-image\" data-id=\"838afdb\" data-element_type=\"widget\" data-e-type=\"widget\" data-widget_type=\"image.default\">\n\t\t\t\t<div class=\"elementor-widget-container\">\n\t\t\t\t\t\t\t\t\t\t\t\t\t\t\t<img fetchpriority=\"high\" decoding=\"async\" width=\"1024\" height=\"576\" src=\"https:\/\/www.ganzheitlich-leben.de\/wp-content\/uploads\/2024\/09\/DSC01035-2-1024x576.jpg\" class=\"attachment-large size-large wp-image-7724\" alt=\"\" srcset=\"https:\/\/www.ganzheitlich-leben.de\/wp-content\/uploads\/2024\/09\/DSC01035-2-1024x576.jpg 1024w, https:\/\/www.ganzheitlich-leben.de\/wp-content\/uploads\/2024\/09\/DSC01035-2-300x169.jpg 300w, https:\/\/www.ganzheitlich-leben.de\/wp-content\/uploads\/2024\/09\/DSC01035-2-768x432.jpg 768w, https:\/\/www.ganzheitlich-leben.de\/wp-content\/uploads\/2024\/09\/DSC01035-2-1536x864.jpg 1536w, https:\/\/www.ganzheitlich-leben.de\/wp-content\/uploads\/2024\/09\/DSC01035-2-18x10.jpg 18w, https:\/\/www.ganzheitlich-leben.de\/wp-content\/uploads\/2024\/09\/DSC01035-2-800x450.jpg 800w, https:\/\/www.ganzheitlich-leben.de\/wp-content\/uploads\/2024\/09\/DSC01035-2.jpg 1920w\" sizes=\"(max-width: 1024px) 100vw, 1024px\" \/>\t\t\t\t\t\t\t\t\t\t\t\t\t\t\t<\/div>\n\t\t\t\t<\/div>\n\t\t\t\t<div class=\"elementor-element elementor-element-5155ae91 elementor-hidden-desktop elementor-hidden-tablet elementor-widget elementor-widget-heading\" data-id=\"5155ae91\" data-element_type=\"widget\" data-e-type=\"widget\" data-widget_type=\"heading.default\">\n\t\t\t\t<div class=\"elementor-widget-container\">\n\t\t\t\t\t<h2 class=\"elementor-heading-title elementor-size-default\">Schmerzen - die Sprache deines K\u00f6rpers<\/h2>\t\t\t\t<\/div>\n\t\t\t\t<\/div>\n\t\t\t\t<div class=\"elementor-element elementor-element-7bcf1c4 elementor-widget elementor-widget-spacer\" data-id=\"7bcf1c4\" data-element_type=\"widget\" data-e-type=\"widget\" data-widget_type=\"spacer.default\">\n\t\t\t\t<div class=\"elementor-widget-container\">\n\t\t\t\t\t\t\t<div class=\"elementor-spacer\">\n\t\t\t<div class=\"elementor-spacer-inner\"><\/div>\n\t\t<\/div>\n\t\t\t\t\t\t<\/div>\n\t\t\t\t<\/div>\n\t\t\t\t\t<\/div>\n\t\t<\/div>\n\t\t\t\t\t<\/div>\n\t\t<\/section>\n\t\t\t\t<section class=\"elementor-section elementor-top-section elementor-element elementor-element-64b499b1 elementor-section-boxed elementor-section-height-default elementor-section-height-default\" data-id=\"64b499b1\" data-element_type=\"section\" data-e-type=\"section\">\n\t\t\t\t\t\t<div class=\"elementor-container elementor-column-gap-default\">\n\t\t\t\t\t<div class=\"elementor-column elementor-col-100 elementor-top-column elementor-element elementor-element-386c809c\" data-id=\"386c809c\" data-element_type=\"column\" data-e-type=\"column\">\n\t\t\t<div class=\"elementor-widget-wrap elementor-element-populated\">\n\t\t\t\t\t\t<div class=\"elementor-element elementor-element-7a04c2e9 elementor-widget elementor-widget-spacer\" data-id=\"7a04c2e9\" data-element_type=\"widget\" data-e-type=\"widget\" data-widget_type=\"spacer.default\">\n\t\t\t\t<div class=\"elementor-widget-container\">\n\t\t\t\t\t\t\t<div class=\"elementor-spacer\">\n\t\t\t<div class=\"elementor-spacer-inner\"><\/div>\n\t\t<\/div>\n\t\t\t\t\t\t<\/div>\n\t\t\t\t<\/div>\n\t\t\t\t\t<\/div>\n\t\t<\/div>\n\t\t\t\t\t<\/div>\n\t\t<\/section>\n\t\t\t\t<section class=\"elementor-section elementor-top-section elementor-element elementor-element-38e0eece elementor-section-boxed elementor-section-height-default elementor-section-height-default\" data-id=\"38e0eece\" data-element_type=\"section\" data-e-type=\"section\" data-settings=\"{&quot;background_background&quot;:&quot;classic&quot;}\">\n\t\t\t\t\t\t<div class=\"elementor-container elementor-column-gap-default\">\n\t\t\t\t\t<div class=\"elementor-column elementor-col-100 elementor-top-column elementor-element elementor-element-ee4697a\" data-id=\"ee4697a\" data-element_type=\"column\" data-e-type=\"column\">\n\t\t\t<div class=\"elementor-widget-wrap elementor-element-populated\">\n\t\t\t\t\t\t<div class=\"elementor-element elementor-element-30a0108e elementor-widget elementor-widget-spacer\" data-id=\"30a0108e\" data-element_type=\"widget\" data-e-type=\"widget\" data-widget_type=\"spacer.default\">\n\t\t\t\t<div class=\"elementor-widget-container\">\n\t\t\t\t\t\t\t<div class=\"elementor-spacer\">\n\t\t\t<div class=\"elementor-spacer-inner\"><\/div>\n\t\t<\/div>\n\t\t\t\t\t\t<\/div>\n\t\t\t\t<\/div>\n\t\t\t\t<div class=\"elementor-element elementor-element-27610af8 elementor-widget elementor-widget-text-editor\" data-id=\"27610af8\" data-element_type=\"widget\" data-e-type=\"widget\" data-widget_type=\"text-editor.default\">\n\t\t\t\t<div class=\"elementor-widget-container\">\n\t\t\t\t\t\t\t\t\t<p>Pain therapy contains a range of therapeutic measures to treat acute or chronic pain. The holistic approach to pain therapy <strong>works quickly and immediately<\/strong> which means that the <strong>effects are directly visible<\/strong>. It includes various methods that are selected for you individually situation.<\/p><p>Pain can be effectively suppressed with painkillers, but this is not a sustainable solution. This is because they do not eliminate the root of the problem and only suppress the symptoms. Pain must be understood as a <strong>signal from our body,<\/strong> which wants us to change. If these signals are suppressed, the healing process will take longer or chronification occurs.<\/p><p>In a treatment we try to identify the <strong>cause of your pain<\/strong> together. Muscle function tests are especially useful to identify misalignments in the body that can be the reason of the problem. Afterwards we treat the pain with a form of <strong>Trigger point treatment<\/strong>, to improve the <strong>pain and mobility<\/strong>.<\/p><p>Together we will create a personal training plan for you, which includes <strong>stretching and strengthening exercises<\/strong> as well as certain movement patterns. These will help you stretch out shortened muscles<strong>, strengthen weak areas<\/strong> and to target certain muscle groups in a better way.<\/p><p>After just one treatment, you will have enough exercises to <strong>treat your pain on your own<\/strong>.<\/p>\t\t\t\t\t\t\t\t<\/div>\n\t\t\t\t<\/div>\n\t\t\t\t\t<\/div>\n\t\t<\/div>\n\t\t\t\t\t<\/div>\n\t\t<\/section>\n\t\t\t\t<section class=\"elementor-section elementor-top-section elementor-element elementor-element-75d7e71b elementor-section-boxed elementor-section-height-default elementor-section-height-default\" data-id=\"75d7e71b\" data-element_type=\"section\" data-e-type=\"section\">\n\t\t\t\t\t\t<div class=\"elementor-container elementor-column-gap-default\">\n\t\t\t\t\t<div class=\"elementor-column elementor-col-100 elementor-top-column elementor-element elementor-element-ec911a6\" data-id=\"ec911a6\" data-element_type=\"column\" data-e-type=\"column\">\n\t\t\t<div class=\"elementor-widget-wrap elementor-element-populated\">\n\t\t\t\t\t\t<div class=\"elementor-element elementor-element-6e32de88 elementor-widget elementor-widget-heading\" data-id=\"6e32de88\" data-element_type=\"widget\" data-e-type=\"widget\" data-widget_type=\"heading.default\">\n\t\t\t\t<div class=\"elementor-widget-container\">\n\t\t\t\t\t<h2 class=\"elementor-heading-title elementor-size-default\">In the pain therapy we are specialized in<\/h2>\t\t\t\t<\/div>\n\t\t\t\t<\/div>\n\t\t\t\t<div class=\"elementor-element elementor-element-23d34f13 elementor-widget elementor-widget-text-editor\" data-id=\"23d34f13\" data-element_type=\"widget\" data-e-type=\"widget\" data-widget_type=\"text-editor.default\">\n\t\t\t\t<div class=\"elementor-widget-container\">\n\t\t\t\t\t\t\t\t\t<ul><li><strong>Joint pain<\/strong><\/li><li><strong>Osteoarthritis\/Arthritis<\/strong><\/li><li><strong>Back pain \/ spinal pain<\/strong><\/li><li><strong>Shoulder pain<\/strong><\/li><li><strong>Migraine and chronic headaches<\/strong><\/li><li><strong>Psychosomatic pain (abdomen, throat, neck,..)<\/strong><\/li><li><strong>Tennis elbow\u00a0<\/strong><\/li><li><strong>Runner's knee<\/strong><\/li><\/ul>\t\t\t\t\t\t\t\t<\/div>\n\t\t\t\t<\/div>\n\t\t\t\t<div class=\"elementor-element elementor-element-60601f94 elementor-widget elementor-widget-heading\" data-id=\"60601f94\" data-element_type=\"widget\" data-e-type=\"widget\" data-widget_type=\"heading.default\">\n\t\t\t\t<div class=\"elementor-widget-container\">\n\t\t\t\t\t<h2 class=\"elementor-heading-title elementor-size-default\">Depending on the type of pain, we use the following therapeutic methods<\/h2>\t\t\t\t<\/div>\n\t\t\t\t<\/div>\n\t\t\t\t<div class=\"elementor-element elementor-element-547a1137 elementor-widget elementor-widget-text-editor\" data-id=\"547a1137\" data-element_type=\"widget\" data-e-type=\"widget\" data-widget_type=\"text-editor.default\">\n\t\t\t\t<div class=\"elementor-widget-container\">\n\t\t\t\t\t\t\t\t\t<ul><li><strong>Trigger point treatment<\/strong><\/li><li><strong>stretching and strengthening exercises\u00a0<\/strong><\/li><li><strong>Muscle function tests<\/strong><\/li><li><strong>Craniosacral techniques<\/strong><\/li><li><strong>Fascia therapy<\/strong><\/li><li><strong>Functional movement patterns<\/strong><\/li><li><strong>Massage techniques<\/strong><\/li><\/ul>\t\t\t\t\t\t\t\t<\/div>\n\t\t\t\t<\/div>\n\t\t\t\t<div class=\"elementor-element elementor-element-35e90ade elementor-widget elementor-widget-text-editor\" data-id=\"35e90ade\" data-element_type=\"widget\" data-e-type=\"widget\" data-widget_type=\"text-editor.default\">\n\t\t\t\t<div class=\"elementor-widget-container\">\n\t\t\t\t\t\t\t\t\t<p>A treatment usually takes one to one and a half hours and usually proceeds as follows:<\/p>\t\t\t\t\t\t\t\t<\/div>\n\t\t\t\t<\/div>\n\t\t\t\t<div class=\"elementor-element elementor-element-6a2d4c0e elementor-widget elementor-widget-text-editor\" data-id=\"6a2d4c0e\" data-element_type=\"widget\" data-e-type=\"widget\" data-widget_type=\"text-editor.default\">\n\t\t\t\t<div class=\"elementor-widget-container\">\n\t\t\t\t\t\t\t\t\t<ul><li><strong>Detailed anamnesis<\/strong> in order to capture the current problematic situation<\/li><li><strong>Muscle function tests<\/strong> to identify misalignments<\/li><li><strong>Trigger point treatment<\/strong> to reduce the pain<\/li><li>Learning <strong>stretching and strengthening exercises<\/strong> that can then be done regularly at home<\/li><li><strong>Counseling<\/strong> about the further process<\/li><\/ul>\t\t\t\t\t\t\t\t<\/div>\n\t\t\t\t<\/div>\n\t\t\t\t<div class=\"elementor-element elementor-element-56531804 elementor-widget elementor-widget-text-editor\" data-id=\"56531804\" data-element_type=\"widget\" data-e-type=\"widget\" data-widget_type=\"text-editor.default\">\n\t\t\t\t<div class=\"elementor-widget-container\">\n\t\t\t\t\t\t\t\t\t<div><span style=\"color: var( --e-global-color-text ); font-size: 18px;\">Complementary to this therapy, various natural therapies such as nutritional counseling, therapeutic fasting, nutritional supplements, respiratory therapy, Feldenkrais method, progressive muscle relaxation and psychological counseling are offered.<\/span><\/div>\t\t\t\t\t\t\t\t<\/div>\n\t\t\t\t<\/div>\n\t\t\t\t<div class=\"elementor-element elementor-element-3d016290 elementor-widget elementor-widget-spacer\" data-id=\"3d016290\" data-element_type=\"widget\" data-e-type=\"widget\" data-widget_type=\"spacer.default\">\n\t\t\t\t<div class=\"elementor-widget-container\">\n\t\t\t\t\t\t\t<div class=\"elementor-spacer\">\n\t\t\t<div class=\"elementor-spacer-inner\"><\/div>\n\t\t<\/div>\n\t\t\t\t\t\t<\/div>\n\t\t\t\t<\/div>\n\t\t\t\t\t<\/div>\n\t\t<\/div>\n\t\t\t\t\t<\/div>\n\t\t<\/section>\n\t\t\t\t<\/div>","protected":false},"excerpt":{"rendered":"<p>Schmerzen &#8211; die Sprache deines K\u00f6rpers Schmerzen &#8211; die Sprache deines K\u00f6rpers Die Schmerztherapie umfasst eine Reihe therapeutischer Ma\u00dfnahmen, um akute oder chronische Schmerzen zu behandeln. Die ganzheitliche Schmerztherapie wirkt schnell und unmittelbar, wodurch die Erfolge direkt sp\u00fcrbar sind. Zu einer ganzheitlichen Behandlung von chronischen oder akuten Schmerzen geh\u00f6ren verschiedene Methoden, die ganz individuell f\u00fcr [&hellip;]<\/p>\n","protected":false},"author":1,"featured_media":0,"parent":0,"menu_order":0,"comment_status":"closed","ping_status":"closed","template":"elementor_header_footer","meta":{"footnotes":""},"class_list":["post-4680","page","type-page","status-publish","hentry","entry"],"yoast_head":"<!-- This site is optimized with the Yoast SEO plugin v27.3 - https:\/\/yoast.com\/product\/yoast-seo-wordpress\/ -->\n<title>Schmerztherapie - Ganzheitlich Leben<\/title>\n<meta name=\"robots\" content=\"index, follow, max-snippet:-1, max-image-preview:large, max-video-preview:-1\" \/>\n<link rel=\"canonical\" href=\"https:\/\/www.ganzheitlich-leben.de\/en\/schmerztherapie\/\" \/>\n<meta property=\"og:locale\" content=\"en_US\" \/>\n<meta property=\"og:type\" content=\"article\" \/>\n<meta property=\"og:title\" content=\"Schmerztherapie - Ganzheitlich Leben\" \/>\n<meta property=\"og:description\" content=\"Schmerzen &#8211; die Sprache deines K\u00f6rpers Schmerzen &#8211; die Sprache deines K\u00f6rpers Die Schmerztherapie umfasst eine Reihe therapeutischer Ma\u00dfnahmen, um akute oder chronische Schmerzen zu behandeln. Die ganzheitliche Schmerztherapie wirkt schnell und unmittelbar, wodurch die Erfolge direkt sp\u00fcrbar sind. Zu einer ganzheitlichen Behandlung von chronischen oder akuten Schmerzen geh\u00f6ren verschiedene Methoden, die ganz individuell f\u00fcr [&hellip;]\" \/>\n<meta property=\"og:url\" content=\"https:\/\/www.ganzheitlich-leben.de\/en\/schmerztherapie\/\" \/>\n<meta property=\"og:site_name\" content=\"Ganzheitlich Leben\" \/>\n<meta property=\"article:modified_time\" content=\"2024-11-21T06:58:19+00:00\" \/>\n<meta property=\"og:image\" content=\"https:\/\/www.ganzheitlich-leben.de\/wp-content\/uploads\/2024\/09\/DSC01035-2-1024x576.jpg\" \/>\n<meta name=\"twitter:card\" content=\"summary_large_image\" \/>\n<meta name=\"twitter:label1\" content=\"Est. reading time\" \/>\n\t<meta name=\"twitter:data1\" content=\"2 minutes\" \/>\n<script type=\"application\/ld+json\" class=\"yoast-schema-graph\">{\"@context\":\"https:\\\/\\\/schema.org\",\"@graph\":[{\"@type\":\"WebPage\",\"@id\":\"https:\\\/\\\/www.ganzheitlich-leben.de\\\/schmerztherapie\\\/\",\"url\":\"https:\\\/\\\/www.ganzheitlich-leben.de\\\/schmerztherapie\\\/\",\"name\":\"Schmerztherapie - Ganzheitlich Leben\",\"isPartOf\":{\"@id\":\"https:\\\/\\\/www.ganzheitlich-leben.de\\\/de_de\\\/#website\"},\"primaryImageOfPage\":{\"@id\":\"https:\\\/\\\/www.ganzheitlich-leben.de\\\/schmerztherapie\\\/#primaryimage\"},\"image\":{\"@id\":\"https:\\\/\\\/www.ganzheitlich-leben.de\\\/schmerztherapie\\\/#primaryimage\"},\"thumbnailUrl\":\"https:\\\/\\\/www.ganzheitlich-leben.de\\\/wp-content\\\/uploads\\\/2024\\\/09\\\/DSC01035-2-1024x576.jpg\",\"datePublished\":\"2023-10-05T22:02:09+00:00\",\"dateModified\":\"2024-11-21T06:58:19+00:00\",\"breadcrumb\":{\"@id\":\"https:\\\/\\\/www.ganzheitlich-leben.de\\\/schmerztherapie\\\/#breadcrumb\"},\"inLanguage\":\"en-US\",\"potentialAction\":[{\"@type\":\"ReadAction\",\"target\":[\"https:\\\/\\\/www.ganzheitlich-leben.de\\\/schmerztherapie\\\/\"]}]},{\"@type\":\"ImageObject\",\"inLanguage\":\"en-US\",\"@id\":\"https:\\\/\\\/www.ganzheitlich-leben.de\\\/schmerztherapie\\\/#primaryimage\",\"url\":\"https:\\\/\\\/www.ganzheitlich-leben.de\\\/wp-content\\\/uploads\\\/2024\\\/09\\\/DSC01035-2-1024x576.jpg\",\"contentUrl\":\"https:\\\/\\\/www.ganzheitlich-leben.de\\\/wp-content\\\/uploads\\\/2024\\\/09\\\/DSC01035-2-1024x576.jpg\"},{\"@type\":\"BreadcrumbList\",\"@id\":\"https:\\\/\\\/www.ganzheitlich-leben.de\\\/schmerztherapie\\\/#breadcrumb\",\"itemListElement\":[{\"@type\":\"ListItem\",\"position\":1,\"name\":\"Startseite\",\"item\":\"https:\\\/\\\/www.ganzheitlich-leben.de\\\/\"},{\"@type\":\"ListItem\",\"position\":2,\"name\":\"Schmerztherapie\"}]},{\"@type\":\"WebSite\",\"@id\":\"https:\\\/\\\/www.ganzheitlich-leben.de\\\/de_de\\\/#website\",\"url\":\"https:\\\/\\\/www.ganzheitlich-leben.de\\\/de_de\\\/\",\"name\":\"Ganzheitlich Leben\",\"description\":\"\",\"publisher\":{\"@id\":\"https:\\\/\\\/www.ganzheitlich-leben.de\\\/de_de\\\/#organization\"},\"potentialAction\":[{\"@type\":\"SearchAction\",\"target\":{\"@type\":\"EntryPoint\",\"urlTemplate\":\"https:\\\/\\\/www.ganzheitlich-leben.de\\\/de_de\\\/?s={search_term_string}\"},\"query-input\":{\"@type\":\"PropertyValueSpecification\",\"valueRequired\":true,\"valueName\":\"search_term_string\"}}],\"inLanguage\":\"en-US\"},{\"@type\":\"Organization\",\"@id\":\"https:\\\/\\\/www.ganzheitlich-leben.de\\\/de_de\\\/#organization\",\"name\":\"Ganzheitlich Leben\",\"url\":\"https:\\\/\\\/www.ganzheitlich-leben.de\\\/de_de\\\/\",\"logo\":{\"@type\":\"ImageObject\",\"inLanguage\":\"en-US\",\"@id\":\"https:\\\/\\\/www.ganzheitlich-leben.de\\\/de_de\\\/#\\\/schema\\\/logo\\\/image\\\/\",\"url\":\"https:\\\/\\\/www.ganzheitlich-leben.de\\\/wp-content\\\/uploads\\\/2023\\\/10\\\/cropped-cropped-cropped-cropped-cropped-iStock-940118356-removebg.png\",\"contentUrl\":\"https:\\\/\\\/www.ganzheitlich-leben.de\\\/wp-content\\\/uploads\\\/2023\\\/10\\\/cropped-cropped-cropped-cropped-cropped-iStock-940118356-removebg.png\",\"width\":512,\"height\":512,\"caption\":\"Ganzheitlich Leben\"},\"image\":{\"@id\":\"https:\\\/\\\/www.ganzheitlich-leben.de\\\/de_de\\\/#\\\/schema\\\/logo\\\/image\\\/\"},\"sameAs\":[\"https:\\\/\\\/www.instagram.com\\\/raphael_ott\\\/\"]}]}<\/script>\n<!-- \/ Yoast SEO plugin. -->","yoast_head_json":{"title":"Schmerztherapie - Ganzheitlich Leben","robots":{"index":"index","follow":"follow","max-snippet":"max-snippet:-1","max-image-preview":"max-image-preview:large","max-video-preview":"max-video-preview:-1"},"canonical":"https:\/\/www.ganzheitlich-leben.de\/en\/schmerztherapie\/","og_locale":"en_US","og_type":"article","og_title":"Schmerztherapie - Ganzheitlich Leben","og_description":"Schmerzen &#8211; die Sprache deines K\u00f6rpers Schmerzen &#8211; die Sprache deines K\u00f6rpers Die Schmerztherapie umfasst eine Reihe therapeutischer Ma\u00dfnahmen, um akute oder chronische Schmerzen zu behandeln. Die ganzheitliche Schmerztherapie wirkt schnell und unmittelbar, wodurch die Erfolge direkt sp\u00fcrbar sind. Zu einer ganzheitlichen Behandlung von chronischen oder akuten Schmerzen geh\u00f6ren verschiedene Methoden, die ganz individuell f\u00fcr [&hellip;]","og_url":"https:\/\/www.ganzheitlich-leben.de\/en\/schmerztherapie\/","og_site_name":"Ganzheitlich Leben","article_modified_time":"2024-11-21T06:58:19+00:00","og_image":[{"url":"https:\/\/www.ganzheitlich-leben.de\/wp-content\/uploads\/2024\/09\/DSC01035-2-1024x576.jpg","type":"","width":"","height":""}],"twitter_card":"summary_large_image","twitter_misc":{"Est. reading time":"2 minutes"},"schema":{"@context":"https:\/\/schema.org","@graph":[{"@type":"WebPage","@id":"https:\/\/www.ganzheitlich-leben.de\/schmerztherapie\/","url":"https:\/\/www.ganzheitlich-leben.de\/schmerztherapie\/","name":"Schmerztherapie - Ganzheitlich Leben","isPartOf":{"@id":"https:\/\/www.ganzheitlich-leben.de\/de_de\/#website"},"primaryImageOfPage":{"@id":"https:\/\/www.ganzheitlich-leben.de\/schmerztherapie\/#primaryimage"},"image":{"@id":"https:\/\/www.ganzheitlich-leben.de\/schmerztherapie\/#primaryimage"},"thumbnailUrl":"https:\/\/www.ganzheitlich-leben.de\/wp-content\/uploads\/2024\/09\/DSC01035-2-1024x576.jpg","datePublished":"2023-10-05T22:02:09+00:00","dateModified":"2024-11-21T06:58:19+00:00","breadcrumb":{"@id":"https:\/\/www.ganzheitlich-leben.de\/schmerztherapie\/#breadcrumb"},"inLanguage":"en-US","potentialAction":[{"@type":"ReadAction","target":["https:\/\/www.ganzheitlich-leben.de\/schmerztherapie\/"]}]},{"@type":"ImageObject","inLanguage":"en-US","@id":"https:\/\/www.ganzheitlich-leben.de\/schmerztherapie\/#primaryimage","url":"https:\/\/www.ganzheitlich-leben.de\/wp-content\/uploads\/2024\/09\/DSC01035-2-1024x576.jpg","contentUrl":"https:\/\/www.ganzheitlich-leben.de\/wp-content\/uploads\/2024\/09\/DSC01035-2-1024x576.jpg"},{"@type":"BreadcrumbList","@id":"https:\/\/www.ganzheitlich-leben.de\/schmerztherapie\/#breadcrumb","itemListElement":[{"@type":"ListItem","position":1,"name":"Startseite","item":"https:\/\/www.ganzheitlich-leben.de\/"},{"@type":"ListItem","position":2,"name":"Schmerztherapie"}]},{"@type":"WebSite","@id":"https:\/\/www.ganzheitlich-leben.de\/de_de\/#website","url":"https:\/\/www.ganzheitlich-leben.de\/de_de\/","name":"Ganzheitlich Leben","description":"","publisher":{"@id":"https:\/\/www.ganzheitlich-leben.de\/de_de\/#organization"},"potentialAction":[{"@type":"SearchAction","target":{"@type":"EntryPoint","urlTemplate":"https:\/\/www.ganzheitlich-leben.de\/de_de\/?s={search_term_string}"},"query-input":{"@type":"PropertyValueSpecification","valueRequired":true,"valueName":"search_term_string"}}],"inLanguage":"en-US"},{"@type":"Organization","@id":"https:\/\/www.ganzheitlich-leben.de\/de_de\/#organization","name":"Ganzheitlich Leben","url":"https:\/\/www.ganzheitlich-leben.de\/de_de\/","logo":{"@type":"ImageObject","inLanguage":"en-US","@id":"https:\/\/www.ganzheitlich-leben.de\/de_de\/#\/schema\/logo\/image\/","url":"https:\/\/www.ganzheitlich-leben.de\/wp-content\/uploads\/2023\/10\/cropped-cropped-cropped-cropped-cropped-iStock-940118356-removebg.png","contentUrl":"https:\/\/www.ganzheitlich-leben.de\/wp-content\/uploads\/2023\/10\/cropped-cropped-cropped-cropped-cropped-iStock-940118356-removebg.png","width":512,"height":512,"caption":"Ganzheitlich Leben"},"image":{"@id":"https:\/\/www.ganzheitlich-leben.de\/de_de\/#\/schema\/logo\/image\/"},"sameAs":["https:\/\/www.instagram.com\/raphael_ott\/"]}]}},"_links":{"self":[{"href":"https:\/\/www.ganzheitlich-leben.de\/en\/wp-json\/wp\/v2\/pages\/4680","targetHints":{"allow":["GET"]}}],"collection":[{"href":"https:\/\/www.ganzheitlich-leben.de\/en\/wp-json\/wp\/v2\/pages"}],"about":[{"href":"https:\/\/www.ganzheitlich-leben.de\/en\/wp-json\/wp\/v2\/types\/page"}],"author":[{"embeddable":true,"href":"https:\/\/www.ganzheitlich-leben.de\/en\/wp-json\/wp\/v2\/users\/1"}],"replies":[{"embeddable":true,"href":"https:\/\/www.ganzheitlich-leben.de\/en\/wp-json\/wp\/v2\/comments?post=4680"}],"version-history":[{"count":10,"href":"https:\/\/www.ganzheitlich-leben.de\/en\/wp-json\/wp\/v2\/pages\/4680\/revisions"}],"predecessor-version":[{"id":8391,"href":"https:\/\/www.ganzheitlich-leben.de\/en\/wp-json\/wp\/v2\/pages\/4680\/revisions\/8391"}],"wp:attachment":[{"href":"https:\/\/www.ganzheitlich-leben.de\/en\/wp-json\/wp\/v2\/media?parent=4680"}],"curies":[{"name":"wp","href":"https:\/\/api.w.org\/{rel}","templated":true}]}}