{"id":9680,"date":"2025-07-08T16:32:44","date_gmt":"2025-07-08T14:32:44","guid":{"rendered":"https:\/\/www.ganzheitlich-leben.de\/?page_id=9680"},"modified":"2025-11-20T10:37:56","modified_gmt":"2025-11-20T09:37:56","slug":"empfehlungen","status":"publish","type":"page","link":"https:\/\/www.ganzheitlich-leben.de\/en\/empfehlungen\/","title":{"rendered":"Empfehlungen"},"content":{"rendered":"<div data-elementor-type=\"wp-page\" data-elementor-id=\"9680\" class=\"elementor elementor-9680\" data-elementor-post-type=\"page\">\n\t\t\t\t<div class=\"elementor-element elementor-element-953b702 e-flex e-con-boxed e-con e-parent\" data-id=\"953b702\" data-element_type=\"container\" data-e-type=\"container\">\n\t\t\t\t\t<div class=\"e-con-inner\">\n\t\t\t\t<div class=\"elementor-element elementor-element-a699ffe elementor-widget elementor-widget-spacer\" data-id=\"a699ffe\" data-element_type=\"widget\" data-e-type=\"widget\" data-widget_type=\"spacer.default\">\n\t\t\t\t<div class=\"elementor-widget-container\">\n\t\t\t\t\t\t\t<div class=\"elementor-spacer\">\n\t\t\t<div class=\"elementor-spacer-inner\"><\/div>\n\t\t<\/div>\n\t\t\t\t\t\t<\/div>\n\t\t\t\t<\/div>\n\t\t\t\t<div class=\"elementor-element elementor-element-d10c264 elementor-widget elementor-widget-heading\" data-id=\"d10c264\" data-element_type=\"widget\" data-e-type=\"widget\" data-widget_type=\"heading.default\">\n\t\t\t\t<div class=\"elementor-widget-container\">\n\t\t\t\t\t<h2 class=\"elementor-heading-title elementor-size-default\">Empfehlungen<\/h2>\t\t\t\t<\/div>\n\t\t\t\t<\/div>\n\t\t\t\t<div class=\"elementor-element elementor-element-14d63af elementor-widget-divider--view-line elementor-widget elementor-widget-divider\" data-id=\"14d63af\" data-element_type=\"widget\" data-e-type=\"widget\" data-widget_type=\"divider.default\">\n\t\t\t\t<div class=\"elementor-widget-container\">\n\t\t\t\t\t\t\t<div class=\"elementor-divider\">\n\t\t\t<span class=\"elementor-divider-separator\">\n\t\t\t\t\t\t<\/span>\n\t\t<\/div>\n\t\t\t\t\t\t<\/div>\n\t\t\t\t<\/div>\n\t\t\t\t<div class=\"elementor-element elementor-element-6650e52 elementor-widget elementor-widget-spacer\" data-id=\"6650e52\" data-element_type=\"widget\" data-e-type=\"widget\" data-widget_type=\"spacer.default\">\n\t\t\t\t<div class=\"elementor-widget-container\">\n\t\t\t\t\t\t\t<div class=\"elementor-spacer\">\n\t\t\t<div class=\"elementor-spacer-inner\"><\/div>\n\t\t<\/div>\n\t\t\t\t\t\t<\/div>\n\t\t\t\t<\/div>\n\t\t\t\t<div class=\"elementor-element elementor-element-35eac96 elementor-widget elementor-widget-heading\" data-id=\"35eac96\" data-element_type=\"widget\" data-e-type=\"widget\" data-widget_type=\"heading.default\">\n\t\t\t\t<div class=\"elementor-widget-container\">\n\t\t\t\t\t<h2 class=\"elementor-heading-title elementor-size-default\">Lifestyle <\/h2>\t\t\t\t<\/div>\n\t\t\t\t<\/div>\n\t\t\t\t<div class=\"elementor-element elementor-element-d9c688a elementor-widget elementor-widget-text-editor\" data-id=\"d9c688a\" data-element_type=\"widget\" data-e-type=\"widget\" data-widget_type=\"text-editor.default\">\n\t\t\t\t<div class=\"elementor-widget-container\">\n\t\t\t\t\t\t\t\t\t<p><strong><span style=\"font-size: 18px;\">Schuhe<br \/><\/span><\/strong><span style=\"font-size: 18px;\">Ich freue mich nun endlich Leguano als Partner gewonnen zu haben. Schon seit \u00fcber 5 Jahren trage ich durchgehend diese Barfu\u00dfschuhe und kann mir keinen anderen Schuh mehr vorstellen. Meine pers\u00f6nliche Empfehlung ist der Beat aber da alle Schuhe die gleiche Technologie und Sohle haben, ist es einfach eine Frage des Geschmacks.<\/span><\/p><p><strong>Meine Empfehlung:\u00a0<\/strong><br \/><a href=\"https:\/\/www.awin1.com\/cread.php?awinmid=15155&amp;awinaffid=2656670&amp;ued=https%3A%2F%2Fwww.leguano.eu\" target=\"_blank\" rel=\"noopener\"><span style=\"text-decoration: underline;\">Leguano Barfu\u00dfschuhe<\/span><\/a><\/p>\t\t\t\t\t\t\t\t<\/div>\n\t\t\t\t<\/div>\n\t\t\t\t<div class=\"elementor-element elementor-element-4b91e7c elementor-widget elementor-widget-heading\" data-id=\"4b91e7c\" data-element_type=\"widget\" data-e-type=\"widget\" data-widget_type=\"heading.default\">\n\t\t\t\t<div class=\"elementor-widget-container\">\n\t\t\t\t\t<h2 class=\"elementor-heading-title elementor-size-default\">Lebergesundheit<\/h2>\t\t\t\t<\/div>\n\t\t\t\t<\/div>\n\t\t\t\t<div class=\"elementor-element elementor-element-fe93c03 elementor-widget elementor-widget-text-editor\" data-id=\"fe93c03\" data-element_type=\"widget\" data-e-type=\"widget\" data-widget_type=\"text-editor.default\">\n\t\t\t\t<div class=\"elementor-widget-container\">\n\t\t\t\t\t\t\t\t\t<p><strong><span style=\"font-size: 18px;\">Bitterstoffe<br \/><\/span><\/strong><span style=\"font-size: 18px;\">Bitterstoffe regen die Produktion von Verdauungss\u00e4ften an und f\u00f6rdern damit die gesamte Verdauung. Sie stimulieren Magen, Galle und Bauchspeicheldr\u00fcse, sodass N\u00e4hrstoffe besser aufgeschlossen werden. Besonders wichtig: Sie unterst\u00fctzen die Leberfunktion, indem sie den Gallenfluss anregen und die Leber entlasten. Bitterstoffe kommen in Kr\u00e4utern wie Enzian, Wermut oder L\u00f6wenzahn vor und werden meist als Tropfen, Tee oder Tinktur angewendet \u2013 oft vor oder nach dem Essen. Sie sind eine einfache, nat\u00fcrliche Hilfe f\u00fcr eine gesunde Verdauung und Leberentgiftung.<\/span><\/p><p><strong>Meine Empfehlung:\u00a0<\/strong><br \/><a href=\"https:\/\/amzn.to\/46zqrp9\" target=\"_blank\" rel=\"noopener\"><span style=\"text-decoration: underline;\">Bittertropfen aus 9 Kr\u00e4utern<\/span><\/a><\/p><p><strong>Silymarin<\/strong><br \/>Silymarin ist der Hauptwirkstoff aus den Samen der Mariendistel. Er sch\u00fctzt die Leberzellen vor Schadstoffen, f\u00f6rdert ihre Regeneration und wirkt antioxidativ. Studien zeigen, dass Silymarin die Leber bei toxischen Belastungen (z.\u202fB. Alkohol, Medikamente) stabilisiert und Entz\u00fcndungen hemmt. Es wird traditionell zur Unterst\u00fctzung bei Leberproblemen eingesetzt, meist in Form von standardisierten Kapseln oder Tabletten mit 70\u2013200\u202fmg Silymarin pro Tag. Ideal zur Unterst\u00fctzung der Lebergesundheit, vor allem bei erh\u00f6hter Belastung.<\/p><p><strong>Meine Emfehlung:<\/strong><br \/><span style=\"text-decoration: underline;\"><a href=\"https:\/\/amzn.to\/44gDn1G\">Silymarin hochdosiert<\/a><\/span><\/p>\t\t\t\t\t\t\t\t<\/div>\n\t\t\t\t<\/div>\n\t\t\t\t<div class=\"elementor-element elementor-element-092ac4c elementor-widget elementor-widget-spacer\" data-id=\"092ac4c\" data-element_type=\"widget\" data-e-type=\"widget\" data-widget_type=\"spacer.default\">\n\t\t\t\t<div class=\"elementor-widget-container\">\n\t\t\t\t\t\t\t<div class=\"elementor-spacer\">\n\t\t\t<div class=\"elementor-spacer-inner\"><\/div>\n\t\t<\/div>\n\t\t\t\t\t\t<\/div>\n\t\t\t\t<\/div>\n\t\t\t\t<div class=\"elementor-element elementor-element-242903b elementor-widget elementor-widget-heading\" data-id=\"242903b\" data-element_type=\"widget\" data-e-type=\"widget\" data-widget_type=\"heading.default\">\n\t\t\t\t<div class=\"elementor-widget-container\">\n\t\t\t\t\t<h2 class=\"elementor-heading-title elementor-size-default\">Pain Therapy<\/h2>\t\t\t\t<\/div>\n\t\t\t\t<\/div>\n\t\t\t\t<div class=\"elementor-element elementor-element-85333cf elementor-widget elementor-widget-text-editor\" data-id=\"85333cf\" data-element_type=\"widget\" data-e-type=\"widget\" data-widget_type=\"text-editor.default\">\n\t\t\t\t<div class=\"elementor-widget-container\">\n\t\t\t\t\t\t\t\t\t<p data-start=\"199\" data-end=\"451\"><strong>DMSO<\/strong><br \/>Dimethylsulfoxid (DMSO) ist eine farblose Fl\u00fcssigkeit, die tief in das Gewebe eindringen kann und dabei andere Wirkstoffe mittransportiert. Es wirkt schmerzlindernd, entz\u00fcndungshemmend und f\u00f6rdert die Heilung von Verletzungen und Muskelverspannungen.<\/p><p data-start=\"453\" data-end=\"614\"><em data-start=\"455\" data-end=\"467\">Anwendung:<\/em> \u00c4u\u00dferlich auftragen (z.\u202fB. auf Gelenke oder Muskeln). verd\u00fcnnt oder vorsichtig pur anwenden.<\/p><p data-start=\"453\" data-end=\"614\"><strong>meine Empfehlung:<\/strong><br \/><a href=\"https:\/\/amzn.to\/4kjNxTW\">DMSO 100%<\/a><\/p><p data-start=\"708\" data-end=\"927\"><strong>Arnika<\/strong><br \/>Arnika ist bekannt f\u00fcr ihre entz\u00fcndungshemmenden und abschwellenden Eigenschaften. Sie wird traditionell bei Prellungen, Bluterg\u00fcssen, Muskelkater und Verstauchungen eingesetzt und beschleunigt die Heilung von Gewebe.<\/p><p data-start=\"929\" data-end=\"1026\"><em data-start=\"931\" data-end=\"943\">Anwendung:<\/em> Als Gel oder Creme auf die betroffene Stelle auftragen. Nicht auf offene Wunden!<\/p><p><strong>Meine Empfehlung:<br \/><\/strong><span style=\"text-decoration: underline;\"><a href=\"https:\/\/amzn.to\/44Ae9u5\">Arnika 30% von Weleda<\/a><\/span><\/p><p>\u00a0<\/p><p data-start=\"173\" data-end=\"481\"><strong>Epsomsalz<\/strong><br \/>Epsomsalz ist reich an Magnesium und wird traditionell f\u00fcr entspannende B\u00e4der genutzt. Es hilft, Muskelverspannungen zu l\u00f6sen, f\u00f6rdert die Regeneration nach dem Sport und beruhigt den Geist. Durch das Baden kann Magnesium \u00fcber die Haut aufgenommen werden, was die Muskulatur entspannt und Stress reduziert.<\/p><p data-start=\"483\" data-end=\"499\"><em data-start=\"485\" data-end=\"497\">Anwendung: <\/em>400\u202fg Epsomsalz in warmem Wasser aufl\u00f6sen. 20\u201330\u202fMinuten darin baden. Achte darauf, dass das Wasser nicht zu hei\u00df ist, um den Kreislauf zu schonen<\/p><p data-start=\"483\" data-end=\"499\"><strong>Meine Empfehlung:<\/strong><br \/><span style=\"text-decoration: underline;\"><a href=\"https:\/\/amzn.to\/3Wbu8Lw\">Epsomsalz 5 kg<\/a><\/span><\/p>\t\t\t\t\t\t\t\t<\/div>\n\t\t\t\t<\/div>\n\t\t\t\t<div class=\"elementor-element elementor-element-234e4dd elementor-widget elementor-widget-heading\" data-id=\"234e4dd\" data-element_type=\"widget\" data-e-type=\"widget\" data-widget_type=\"heading.default\">\n\t\t\t\t<div class=\"elementor-widget-container\">\n\t\t\t\t\t<h2 class=\"elementor-heading-title elementor-size-default\">Fatique-Syndrom<\/h2>\t\t\t\t<\/div>\n\t\t\t\t<\/div>\n\t\t\t\t<div class=\"elementor-element elementor-element-d9eb112 elementor-widget elementor-widget-text-editor\" data-id=\"d9eb112\" data-element_type=\"widget\" data-e-type=\"widget\" data-widget_type=\"text-editor.default\">\n\t\t\t\t<div class=\"elementor-widget-container\">\n\t\t\t\t\t\t\t\t\t<p>\u00a0<strong data-start=\"167\" data-end=\"187\">Johanniskraut<\/strong><\/p><p data-start=\"190\" data-end=\"805\">Laif 900 Balance enth\u00e4lt hochdosierten Johanniskraut-Extrakt und wird traditionell als pflanzliches Antidepressivum eingesetzt. Es wirkt stimmungsaufhellend, kann innere Unruhe lindern und unterst\u00fctzt dabei, Antriebslosigkeit und depressive Verstimmungen zu \u00fcberwinden. Wichtig ist zu wissen, dass Johanniskraut die Aktivit\u00e4t bestimmter Leberenzyme steigert und dadurch Wechselwirkungen mit anderen Medikamenten auftreten k\u00f6nnen \u2013 insbesondere kann es die Wirkung hormoneller Verh\u00fctungsmittel (Pille) abschw\u00e4chen. Wer andere Medikamente einnimmt, sollte die Anwendung immer \u00e4rztlich oder in der Apotheke abkl\u00e4ren.<\/p><p data-start=\"807\" data-end=\"979\"><strong data-start=\"807\" data-end=\"821\">Anwendung:<\/strong><br data-start=\"821\" data-end=\"824\" \/>T\u00e4glich eine Tablette mit Fl\u00fcssigkeit einnehmen, am besten immer zur gleichen Tageszeit. Die Wirkung setzt oft nach 2\u20134 Wochen regelm\u00e4\u00dfiger Einnahme ein.<\/p><p data-start=\"807\" data-end=\"979\"><strong>Meine Empfehlung:<\/strong><br \/><a href=\"https:\/\/amzn.to\/44k88CZ\"><span style=\"text-decoration: underline;\"><strong>Laif 900 Kapseln<\/strong><\/span><\/a><\/p><h3 data-start=\"1055\" data-end=\"1091\"><strong data-start=\"1063\" data-end=\"1089\">Rhodiola Rosea<\/strong><\/h3><p data-start=\"1092\" data-end=\"1581\">Rhodiola Rosea, auch Rosenwurz genannt, ist ein traditionelles Adaptogen, das dem K\u00f6rper hilft, sich besser an Stress anzupassen und Ersch\u00f6pfung zu reduzieren. Es kann mentale und k\u00f6rperliche Leistungsf\u00e4higkeit verbessern, die Konzentration f\u00f6rdern und Stimmungsschwankungen ausgleichen. Als sanft aktivierendes Mittel unterst\u00fctzt es dabei, Fatigue und Antriebslosigkeit entgegenzuwirken \u2013 ideal f\u00fcr Menschen, die sich nach einer Infektion oder Impfung abgeschlagen und ersch\u00f6pft f\u00fchlen.<\/p><p data-start=\"1583\" data-end=\"1710\"><strong data-start=\"1583\" data-end=\"1597\">Anwendung:<\/strong><br data-start=\"1597\" data-end=\"1600\" \/>1\u20132 Kapseln t\u00e4glich, am besten morgens oder mittags einnehmen. Abends vermeiden, da es anregend wirken kann.<\/p><p data-start=\"1583\" data-end=\"1710\"><strong>Meine Empfehlung:<\/strong><br \/><a href=\"https:\/\/amzn.to\/4nz8jlz\"><span style=\"text-decoration: underline;\"><strong>Rhodiloa Rosea Kapseln<\/strong><\/span><\/a><\/p>\t\t\t\t\t\t\t\t<\/div>\n\t\t\t\t<\/div>\n\t\t\t\t<div class=\"elementor-element elementor-element-0650422 elementor-widget elementor-widget-heading\" data-id=\"0650422\" data-element_type=\"widget\" data-e-type=\"widget\" data-widget_type=\"heading.default\">\n\t\t\t\t<div class=\"elementor-widget-container\">\n\t\t\t\t\t<h2 class=\"elementor-heading-title elementor-size-default\">Zahngesundheit<\/h2>\t\t\t\t<\/div>\n\t\t\t\t<\/div>\n\t\t\t\t<div class=\"elementor-element elementor-element-ba9a5b3 elementor-widget elementor-widget-text-editor\" data-id=\"ba9a5b3\" data-element_type=\"widget\" data-e-type=\"widget\" data-widget_type=\"text-editor.default\">\n\t\t\t\t<div class=\"elementor-widget-container\">\n\t\t\t\t\t\t\t\t\t<p>\u00a0<a style=\"font-size: 18px; background-color: #ffffff;\" href=\"https:\/\/amzn.to\/41fjeHe\"><span style=\"text-decoration-line: underline;\"><b>Ultraschallzahnb\u00fcrste<\/b><\/span><\/a><\/p><h3 data-start=\"1055\" data-end=\"1091\"><span style=\"text-decoration: underline;\"><a href=\"https:\/\/amzn.to\/41fju9a\">Mundsp\u00fclung<\/a><\/span><\/h3><div><a href=\"https:\/\/amzn.to\/3IQN0fc\"><span style=\"text-decoration: underline;\"><strong>Zahnpasta<\/strong><\/span><\/a><\/div><div>\u00a0<\/div><div><a href=\"https:\/\/amzn.to\/46CiIa5\"><span style=\"text-decoration: underline;\"><strong>Remineralisierung<\/strong><\/span><\/a><\/div><div>\u00a0<\/div><div><a href=\"https:\/\/amzn.to\/46CiIa5\"><span style=\"text-decoration: underline;\"><strong>Probiotika-Oral<\/strong><\/span><\/a><\/div><div>\u00a0<\/div>\t\t\t\t\t\t\t\t<\/div>\n\t\t\t\t<\/div>\n\t\t\t\t<div class=\"elementor-element elementor-element-ea354b4 elementor-widget elementor-widget-heading\" data-id=\"ea354b4\" data-element_type=\"widget\" data-e-type=\"widget\" data-widget_type=\"heading.default\">\n\t\t\t\t<div class=\"elementor-widget-container\">\n\t\t\t\t\t<h2 class=\"elementor-heading-title elementor-size-default\">Schlafgesundheit<\/h2>\t\t\t\t<\/div>\n\t\t\t\t<\/div>\n\t\t\t\t<div class=\"elementor-element elementor-element-5e0ba0a elementor-widget elementor-widget-text-editor\" data-id=\"5e0ba0a\" data-element_type=\"widget\" data-e-type=\"widget\" data-widget_type=\"text-editor.default\">\n\t\t\t\t<div class=\"elementor-widget-container\">\n\t\t\t\t\t\t\t\t\t<p><a href=\"https:\/\/amzn.to\/40EEBSj\"><span style=\"text-decoration: underline;\"><strong>Feste Matratze\u00a0<\/strong><\/span><\/a><\/p>\t\t\t\t\t\t\t\t<\/div>\n\t\t\t\t<\/div>\n\t\t\t\t\t<\/div>\n\t\t\t\t<\/div>\n\t\t\t\t<\/div>","protected":false},"excerpt":{"rendered":"<p>Empfehlungen Lifestyle SchuheIch freue mich nun endlich Leguano als Partner gewonnen zu haben. Schon seit \u00fcber 5 Jahren trage ich durchgehend diese Barfu\u00dfschuhe und kann mir keinen anderen Schuh mehr vorstellen. Meine pers\u00f6nliche Empfehlung ist der Beat aber da alle Schuhe die gleiche Technologie und Sohle haben, ist es einfach eine Frage des Geschmacks. Meine [&hellip;]<\/p>\n","protected":false},"author":1,"featured_media":0,"parent":0,"menu_order":0,"comment_status":"closed","ping_status":"closed","template":"elementor_header_footer","meta":{"footnotes":""},"class_list":["post-9680","page","type-page","status-publish","hentry","entry"],"yoast_head":"<!-- This site is optimized with the Yoast SEO plugin v27.3 - https:\/\/yoast.com\/product\/yoast-seo-wordpress\/ -->\n<title>Empfehlungen - Ganzheitlich Leben<\/title>\n<meta name=\"robots\" content=\"index, follow, max-snippet:-1, max-image-preview:large, max-video-preview:-1\" \/>\n<link rel=\"canonical\" href=\"https:\/\/www.ganzheitlich-leben.de\/en\/empfehlungen\/\" \/>\n<meta property=\"og:locale\" content=\"en_US\" \/>\n<meta property=\"og:type\" content=\"article\" \/>\n<meta property=\"og:title\" content=\"Empfehlungen - Ganzheitlich Leben\" \/>\n<meta property=\"og:description\" content=\"Empfehlungen Lifestyle SchuheIch freue mich nun endlich Leguano als Partner gewonnen zu haben. Schon seit \u00fcber 5 Jahren trage ich durchgehend diese Barfu\u00dfschuhe und kann mir keinen anderen Schuh mehr vorstellen. Meine pers\u00f6nliche Empfehlung ist der Beat aber da alle Schuhe die gleiche Technologie und Sohle haben, ist es einfach eine Frage des Geschmacks. Meine [&hellip;]\" \/>\n<meta property=\"og:url\" content=\"https:\/\/www.ganzheitlich-leben.de\/en\/empfehlungen\/\" \/>\n<meta property=\"og:site_name\" content=\"Ganzheitlich Leben\" \/>\n<meta property=\"article:modified_time\" content=\"2025-11-20T09:37:56+00:00\" \/>\n<meta name=\"twitter:card\" content=\"summary_large_image\" \/>\n<meta name=\"twitter:label1\" content=\"Est. reading time\" \/>\n\t<meta name=\"twitter:data1\" content=\"4 minutes\" \/>\n<script type=\"application\/ld+json\" class=\"yoast-schema-graph\">{\"@context\":\"https:\\\/\\\/schema.org\",\"@graph\":[{\"@type\":\"WebPage\",\"@id\":\"https:\\\/\\\/www.ganzheitlich-leben.de\\\/empfehlungen\\\/\",\"url\":\"https:\\\/\\\/www.ganzheitlich-leben.de\\\/empfehlungen\\\/\",\"name\":\"Empfehlungen - Ganzheitlich Leben\",\"isPartOf\":{\"@id\":\"https:\\\/\\\/www.ganzheitlich-leben.de\\\/de_de\\\/#website\"},\"datePublished\":\"2025-07-08T14:32:44+00:00\",\"dateModified\":\"2025-11-20T09:37:56+00:00\",\"breadcrumb\":{\"@id\":\"https:\\\/\\\/www.ganzheitlich-leben.de\\\/empfehlungen\\\/#breadcrumb\"},\"inLanguage\":\"en-US\",\"potentialAction\":[{\"@type\":\"ReadAction\",\"target\":[\"https:\\\/\\\/www.ganzheitlich-leben.de\\\/empfehlungen\\\/\"]}]},{\"@type\":\"BreadcrumbList\",\"@id\":\"https:\\\/\\\/www.ganzheitlich-leben.de\\\/empfehlungen\\\/#breadcrumb\",\"itemListElement\":[{\"@type\":\"ListItem\",\"position\":1,\"name\":\"Startseite\",\"item\":\"https:\\\/\\\/www.ganzheitlich-leben.de\\\/\"},{\"@type\":\"ListItem\",\"position\":2,\"name\":\"Empfehlungen\"}]},{\"@type\":\"WebSite\",\"@id\":\"https:\\\/\\\/www.ganzheitlich-leben.de\\\/de_de\\\/#website\",\"url\":\"https:\\\/\\\/www.ganzheitlich-leben.de\\\/de_de\\\/\",\"name\":\"Ganzheitlich Leben\",\"description\":\"\",\"publisher\":{\"@id\":\"https:\\\/\\\/www.ganzheitlich-leben.de\\\/de_de\\\/#organization\"},\"potentialAction\":[{\"@type\":\"SearchAction\",\"target\":{\"@type\":\"EntryPoint\",\"urlTemplate\":\"https:\\\/\\\/www.ganzheitlich-leben.de\\\/de_de\\\/?s={search_term_string}\"},\"query-input\":{\"@type\":\"PropertyValueSpecification\",\"valueRequired\":true,\"valueName\":\"search_term_string\"}}],\"inLanguage\":\"en-US\"},{\"@type\":\"Organization\",\"@id\":\"https:\\\/\\\/www.ganzheitlich-leben.de\\\/de_de\\\/#organization\",\"name\":\"Ganzheitlich Leben\",\"url\":\"https:\\\/\\\/www.ganzheitlich-leben.de\\\/de_de\\\/\",\"logo\":{\"@type\":\"ImageObject\",\"inLanguage\":\"en-US\",\"@id\":\"https:\\\/\\\/www.ganzheitlich-leben.de\\\/de_de\\\/#\\\/schema\\\/logo\\\/image\\\/\",\"url\":\"https:\\\/\\\/www.ganzheitlich-leben.de\\\/wp-content\\\/uploads\\\/2023\\\/10\\\/cropped-cropped-cropped-cropped-cropped-iStock-940118356-removebg.png\",\"contentUrl\":\"https:\\\/\\\/www.ganzheitlich-leben.de\\\/wp-content\\\/uploads\\\/2023\\\/10\\\/cropped-cropped-cropped-cropped-cropped-iStock-940118356-removebg.png\",\"width\":512,\"height\":512,\"caption\":\"Ganzheitlich Leben\"},\"image\":{\"@id\":\"https:\\\/\\\/www.ganzheitlich-leben.de\\\/de_de\\\/#\\\/schema\\\/logo\\\/image\\\/\"},\"sameAs\":[\"https:\\\/\\\/www.instagram.com\\\/raphael_ott\\\/\"]}]}<\/script>\n<!-- \/ Yoast SEO plugin. -->","yoast_head_json":{"title":"Empfehlungen - Ganzheitlich Leben","robots":{"index":"index","follow":"follow","max-snippet":"max-snippet:-1","max-image-preview":"max-image-preview:large","max-video-preview":"max-video-preview:-1"},"canonical":"https:\/\/www.ganzheitlich-leben.de\/en\/empfehlungen\/","og_locale":"en_US","og_type":"article","og_title":"Empfehlungen - Ganzheitlich Leben","og_description":"Empfehlungen Lifestyle SchuheIch freue mich nun endlich Leguano als Partner gewonnen zu haben. Schon seit \u00fcber 5 Jahren trage ich durchgehend diese Barfu\u00dfschuhe und kann mir keinen anderen Schuh mehr vorstellen. Meine pers\u00f6nliche Empfehlung ist der Beat aber da alle Schuhe die gleiche Technologie und Sohle haben, ist es einfach eine Frage des Geschmacks. Meine [&hellip;]","og_url":"https:\/\/www.ganzheitlich-leben.de\/en\/empfehlungen\/","og_site_name":"Ganzheitlich Leben","article_modified_time":"2025-11-20T09:37:56+00:00","twitter_card":"summary_large_image","twitter_misc":{"Est. reading time":"4 minutes"},"schema":{"@context":"https:\/\/schema.org","@graph":[{"@type":"WebPage","@id":"https:\/\/www.ganzheitlich-leben.de\/empfehlungen\/","url":"https:\/\/www.ganzheitlich-leben.de\/empfehlungen\/","name":"Empfehlungen - Ganzheitlich Leben","isPartOf":{"@id":"https:\/\/www.ganzheitlich-leben.de\/de_de\/#website"},"datePublished":"2025-07-08T14:32:44+00:00","dateModified":"2025-11-20T09:37:56+00:00","breadcrumb":{"@id":"https:\/\/www.ganzheitlich-leben.de\/empfehlungen\/#breadcrumb"},"inLanguage":"en-US","potentialAction":[{"@type":"ReadAction","target":["https:\/\/www.ganzheitlich-leben.de\/empfehlungen\/"]}]},{"@type":"BreadcrumbList","@id":"https:\/\/www.ganzheitlich-leben.de\/empfehlungen\/#breadcrumb","itemListElement":[{"@type":"ListItem","position":1,"name":"Startseite","item":"https:\/\/www.ganzheitlich-leben.de\/"},{"@type":"ListItem","position":2,"name":"Empfehlungen"}]},{"@type":"WebSite","@id":"https:\/\/www.ganzheitlich-leben.de\/de_de\/#website","url":"https:\/\/www.ganzheitlich-leben.de\/de_de\/","name":"Ganzheitlich Leben","description":"","publisher":{"@id":"https:\/\/www.ganzheitlich-leben.de\/de_de\/#organization"},"potentialAction":[{"@type":"SearchAction","target":{"@type":"EntryPoint","urlTemplate":"https:\/\/www.ganzheitlich-leben.de\/de_de\/?s={search_term_string}"},"query-input":{"@type":"PropertyValueSpecification","valueRequired":true,"valueName":"search_term_string"}}],"inLanguage":"en-US"},{"@type":"Organization","@id":"https:\/\/www.ganzheitlich-leben.de\/de_de\/#organization","name":"Ganzheitlich Leben","url":"https:\/\/www.ganzheitlich-leben.de\/de_de\/","logo":{"@type":"ImageObject","inLanguage":"en-US","@id":"https:\/\/www.ganzheitlich-leben.de\/de_de\/#\/schema\/logo\/image\/","url":"https:\/\/www.ganzheitlich-leben.de\/wp-content\/uploads\/2023\/10\/cropped-cropped-cropped-cropped-cropped-iStock-940118356-removebg.png","contentUrl":"https:\/\/www.ganzheitlich-leben.de\/wp-content\/uploads\/2023\/10\/cropped-cropped-cropped-cropped-cropped-iStock-940118356-removebg.png","width":512,"height":512,"caption":"Ganzheitlich Leben"},"image":{"@id":"https:\/\/www.ganzheitlich-leben.de\/de_de\/#\/schema\/logo\/image\/"},"sameAs":["https:\/\/www.instagram.com\/raphael_ott\/"]}]}},"_links":{"self":[{"href":"https:\/\/www.ganzheitlich-leben.de\/en\/wp-json\/wp\/v2\/pages\/9680","targetHints":{"allow":["GET"]}}],"collection":[{"href":"https:\/\/www.ganzheitlich-leben.de\/en\/wp-json\/wp\/v2\/pages"}],"about":[{"href":"https:\/\/www.ganzheitlich-leben.de\/en\/wp-json\/wp\/v2\/types\/page"}],"author":[{"embeddable":true,"href":"https:\/\/www.ganzheitlich-leben.de\/en\/wp-json\/wp\/v2\/users\/1"}],"replies":[{"embeddable":true,"href":"https:\/\/www.ganzheitlich-leben.de\/en\/wp-json\/wp\/v2\/comments?post=9680"}],"version-history":[{"count":10,"href":"https:\/\/www.ganzheitlich-leben.de\/en\/wp-json\/wp\/v2\/pages\/9680\/revisions"}],"predecessor-version":[{"id":9962,"href":"https:\/\/www.ganzheitlich-leben.de\/en\/wp-json\/wp\/v2\/pages\/9680\/revisions\/9962"}],"wp:attachment":[{"href":"https:\/\/www.ganzheitlich-leben.de\/en\/wp-json\/wp\/v2\/media?parent=9680"}],"curies":[{"name":"wp","href":"https:\/\/api.w.org\/{rel}","templated":true}]}}